{"id":512,"date":"2015-12-09T11:11:31","date_gmt":"2015-12-09T10:11:31","guid":{"rendered":"https:\/\/my-blog.mysticlands.eu\/?page_id=512"},"modified":"2019-03-21T16:56:31","modified_gmt":"2019-03-21T15:56:31","slug":"ausruestung","status":"publish","type":"page","link":"https:\/\/my-blog.mysticlands.eu\/?page_id=512","title":{"rendered":"ausr\u00fcstung"},"content":{"rendered":"<p>dies und das \u00fcber meine ausr\u00fcstung, was ich mitnehm und warum und all sowas<\/p>\n<p><a href=\"https:\/\/my-blog.mysticlands.eu\/?cat=30\">packlisten<\/a> <img loading=\"lazy\" decoding=\"async\" class=\"attachment-810x810 size-810x810\" src=\"https:\/\/my-blog.mysticlands.eu\/wp-content\/uploads\/system\/button_externer_link.gif\" alt=\"button_externer_link\" width=\"8\" height=\"8\" \/><\/p>\n<p><a href=\"https:\/\/my-blog.mysticlands.eu\/?cat=4\">myog, selbstgebaut\u00a0 <img loading=\"lazy\" decoding=\"async\" class=\"attachment-810x810 size-810x810\" src=\"https:\/\/my-blog.mysticlands.eu\/wp-content\/uploads\/system\/button_externer_link.gif\" alt=\"button_externer_link\" width=\"8\" height=\"8\" \/><\/a><\/p>\n<p><a href=\"https:\/\/my-blog.mysticlands.eu\/?cat=38\">technik<\/a> <img loading=\"lazy\" decoding=\"async\" class=\"attachment-810x810 size-810x810\" src=\"https:\/\/my-blog.mysticlands.eu\/wp-content\/uploads\/system\/button_externer_link.gif\" alt=\"button_externer_link\" width=\"8\" height=\"8\" \/><\/p>\n\n\n<p><\/p>\n","protected":false},"excerpt":{"rendered":"<p>dies und das \u00fcber meine ausr\u00fcstung, was ich mitnehm und warum und all sowas packlisten myog, selbstgebaut\u00a0 technik<\/p>\n","protected":false},"author":2,"featured_media":0,"parent":0,"menu_order":0,"comment_status":"closed","ping_status":"closed","template":"","meta":{"jetpack_post_was_ever_published":false,"footnotes":""},"class_list":["post-512","page","type-page","status-publish","hentry"],"jetpack_sharing_enabled":true,"jetpack-related-posts":[],"_links":{"self":[{"href":"https:\/\/my-blog.mysticlands.eu\/index.php?rest_route=\/wp\/v2\/pages\/512"}],"collection":[{"href":"https:\/\/my-blog.mysticlands.eu\/index.php?rest_route=\/wp\/v2\/pages"}],"about":[{"href":"https:\/\/my-blog.mysticlands.eu\/index.php?rest_route=\/wp\/v2\/types\/page"}],"author":[{"embeddable":true,"href":"https:\/\/my-blog.mysticlands.eu\/index.php?rest_route=\/wp\/v2\/users\/2"}],"replies":[{"embeddable":true,"href":"https:\/\/my-blog.mysticlands.eu\/index.php?rest_route=%2Fwp%2Fv2%2Fcomments&post=512"}],"version-history":[{"count":0,"href":"https:\/\/my-blog.mysticlands.eu\/index.php?rest_route=\/wp\/v2\/pages\/512\/revisions"}],"wp:attachment":[{"href":"https:\/\/my-blog.mysticlands.eu\/index.php?rest_route=%2Fwp%2Fv2%2Fmedia&parent=512"}],"curies":[{"name":"wp","href":"https:\/\/api.w.org\/{rel}","templated":true}]}}