{"id":12096,"date":"2020-01-04T14:37:15","date_gmt":"2020-01-04T13:37:15","guid":{"rendered":"https:\/\/my-blog.mysticlands.eu\/?page_id=12096"},"modified":"2020-07-23T14:43:44","modified_gmt":"2020-07-23T12:43:44","slug":"advent-advent-s-pilgerli-rennt","status":"publish","type":"page","link":"https:\/\/my-blog.mysticlands.eu\/?page_id=12096","title":{"rendered":"camino mozarabe 1\/2  malaga &#8211; encinas reales"},"content":{"rendered":"\r\n\t\t<div id=\"wpgpxmaps_12096_2802538\" class=\"wpgpxmaps\">\r\n\t\t\t<div id=\"map_12096_2802538_cont\" style=\"width:100%; height:450px;position:relative\" >\r\n\t\t\t\t<div id=\"map_12096_2802538\" style=\"width:100%; height:450px\"><\/div>\r\n\t\t\t\t<div id=\"wpgpxmaps_12096_2802538_osm_footer\" class=\"wpgpxmaps_osm_footer\" style=\"display:none;\"><span> &copy; <a href=\"http:\/\/www.openstreetmap.org\/copyright\">OpenStreetMap<\/a> contributors<\/span><\/div>\t\t\t\r\n\t\t\t<\/div>\r\n\t\t\t<canvas id=\"myChart_12096_2802538\" class=\"plot\" style=\"width:100%; height:150px\"><\/canvas>\r\n\t\t\t<div id=\"ngimages_12096_2802538\" class=\"ngimages\" style=\"display:none\"><\/div>\r\n\t\t\t<div id=\"report_12096_2802538\" class=\"report\"><\/div>\r\n\t\t<\/div>\r\n\t\t\r\n\t\t<script type=\"text\/javascript\">\r\n\t\t\r\n\t\t\tjQuery(document).ready(function() {\r\n\r\n\t\t\t\tjQuery(\"#wpgpxmaps_12096_2802538\").wpgpxmaps({ \r\n\t\t\t\t\ttargetId    : \"12096_2802538\",\r\n\t\t\t\t\tmapType     : \"OSM5\",\r\n\t\t\t\t\tmapData     : [[36.7222340,-4.4176790],[36.7213230,-4.4223370],[36.7216480,-4.4276510],[36.7212770,-4.4318640],[36.7212540,-4.4365800],[36.7213790,-4.4424270],[36.7223170,-4.4478020],[36.7245300,-4.4568230],[36.7276570,-4.4639420],[36.7319590,-4.4711040],[36.7371900,-4.4800210],[36.7407300,-4.4872850],[36.7442390,-4.4959350],[36.7488250,-4.4985790],[36.7535230,-4.4936700],[36.7603090,-4.4980040],[36.7660990,-4.5024580],[36.7707800,-4.5095150],[36.7726940,-4.5131470],[36.7800890,-4.5210600],[36.7818080,-4.5256570],[36.7859350,-4.5265490],[36.7884260,-4.5259890],[36.7899500,-4.5278240],[36.7919830,-4.5310190],[36.7929960,-4.5348020],[36.7975640,-4.5350420],[36.8038840,-4.5375630],[36.8085070,-4.5401960],[36.8145530,-4.5386280],[36.8196730,-4.5398740],[36.8230850,-4.5401960],[36.8315430,-4.5414920],[36.8429900,-4.5431290],[36.8535300,-4.5509600],[36.8648600,-4.5530600],[36.8702500,-4.5462400],[36.8834600,-4.5333800],[36.8931490,-4.5137050],[36.9016630,-4.5098480],[36.9049940,-4.5107490],[36.9043480,-4.5188330],[36.9216900,-4.5234310],[36.9300999,-4.5304675],[36.9369350,-4.5396270],[36.9359890,-4.5520320],[36.9309840,-4.5715180],[36.9424210,-4.5815730],[36.9562450,-4.5838320],[36.9747390,-4.5746310],[36.9812470,-4.5735320],[37.0037230,-4.5601650],[37.0139160,-4.5598600],[37.0248500,-4.5492600],[37.0285800,-4.5455700],[37.0341800,-4.5413900],[37.0414400,-4.5381500],[37.0458100,-4.5327000],[37.0517600,-4.5284690],[37.0580200,-4.5262000],[37.0640700,-4.5264700],[37.0662400,-4.5232600],[37.0715200,-4.5225500],[37.0757500,-4.5222000],[37.0816700,-4.5211100],[37.0866300,-4.5200400],[37.0915200,-4.5187900],[37.0963700,-4.5168200],[37.1009200,-4.5139400],[37.1074750,-4.5118030],[37.1174260,-4.4972820],[37.1211990,-4.4906590],[37.1255000,-4.4878370],[37.1306380,-4.4831750],[37.1405250,-4.4818130],[37.1474210,-4.4787070],[37.1500170,-4.4772550],[37.1537400,-4.4809630],[37.1559290,-4.4840030],[37.1588650,-4.4828700],[37.1620180,-4.4796160],[37.1656320,-4.4763890],[37.1691490,-4.4708860],[37.1713680,-4.4616170],[37.1739250,-4.4572020],[37.1774370,-4.4546940],[37.1827610,-4.4519230],[37.1896300,-4.4501850],[37.1928990,-4.4530190],[37.1947860,-4.4514950],[37.1971120,-4.4539020],[37.2015030,-4.4532770],[37.2052770,-4.4516950],[37.2100180,-4.4494470],[37.2126300,-4.4464590],[37.2168680,-4.4439990],[37.2196590,-4.4464430],[37.2226060,-4.4493690],[37.2250270,-4.4529410],[37.2271370,-4.4575900],[37.2298670,-4.4606210],[37.2317880,-4.4622440],[37.2316000,-4.4672150],[37.2315210,-4.4813190],[37.2352930,-4.4882310],[37.2374900,-4.4794400],[37.2429200,-4.4777900],[37.2470600,-4.4833900],[37.2465100,-4.4864300],[37.2515500,-4.4865400],[37.2573900,-4.4898700],[37.2637400,-4.4918600],[37.2712750,-4.4900990],[37.2787330,-4.4905150],[37.2827210,-4.4918400],[37.2887930,-4.4924830],[37.2943540,-4.4948420],[37.3011950,-4.4996610],[37.3064480,-4.5120880],[37.3102020,-4.5206810],[37.3141200,-4.5162870],[37.3198060,-4.5183360],[37.3277860,-4.5101720],[37.3357650,-4.5050480],[37.3463650,-4.5027950],[37.3579570,-4.5022270],[37.3656070,-4.5075260],[37.3766590,-4.5075510],[37.3867960,-4.5040020],[37.4068313,-4.4949681],[37.4170600,-4.4703250],[37.4224440,-4.4484490],[37.4387770,-4.4319220],[37.4641960,-4.4222580],[37.4757035,-4.4366613],[37.4821120,-4.4314940],[37.4883060,-4.4305190],[37.4932720,-4.4257540],[37.4982530,-4.4242360],[37.5026640,-4.4197420],[37.5064010,-4.4167630],[37.5096470,-4.4117310],[37.5104190,-4.4067310],[37.5166330,-4.4063180],[37.5222760,-4.4049780],[37.5267620,-4.4019790],[37.5292890,-4.3973340],[37.5358230,-4.3912390],[37.5389950,-4.3855510],[37.5421550,-4.3789530],[37.5435430,-4.3712070],[37.5435990,-4.3653220],[37.5459970,-4.3563910],[37.5567020,-4.3521280],[37.5670440,-4.3481540],[37.5771190,-4.3438340],[37.5892990,-4.3345660],[37.5983750,-4.3230330],[37.6102060,-4.3248850],[37.6339300,-4.3360840],[37.6619560,-4.3484120],[37.6719780,-4.3744030],[37.6807910,-4.4226130],[37.6906610,-4.4702280],[37.6896100,-4.4897800],[37.6882300,-4.4972700],[37.6895900,-4.5038600],[37.6920300,-4.5083600],[37.6960000,-4.5122300],[37.7015600,-4.5151700],[37.7054900,-4.5204200],[37.7060400,-4.5247600],[37.7029300,-4.5286200],[37.6988800,-4.5331300],[37.6942200,-4.5400400],[37.6889600,-4.5427000],[37.6859400,-4.5473500],[37.6807510,-4.5583180],[37.6865410,-4.5606800],[37.6901210,-4.5645800],[37.6926110,-4.5686390],[37.6960410,-4.5732690],[37.7003610,-4.5776500],[37.7051910,-4.5838700],[37.7100310,-4.5877600],[37.7145170,-4.5927570],[37.7148210,-4.6043700],[37.7172220,-4.6111500],[37.7213910,-4.6167000],[37.7245010,-4.6198790],[37.7212110,-4.6264890],[37.7176710,-4.6305890],[37.7321610,-4.6357790],[37.7714620,-4.6161900],[37.7920680,-4.6373100],[37.8047040,-4.6529070],[37.8236310,-4.6843300],[37.8462290,-4.7288750],[37.8559350,-4.7541500]],\r\n\t\t\t\t\tgraphDist   : [0.00,0.54,1.07,1.48,1.94,2.48,3.00,3.87,4.60,5.40,6.48,7.35,8.58,9.31,10.11,11.00,11.93,12.86,13.74,14.87,15.36,16.07,16.62,17.42,17.93,18.61,19.20,20.04,20.84,21.60,22.30,22.87,24.08,25.68,27.65,29.51,31.35,33.89,36.21,37.48,37.98,38.86,41.33,43.54,44.73,45.93,47.94,49.63,51.31,53.67,55.07,58.03,59.25,61.46,62.09,62.84,63.70,64.43,65.20,65.93,66.65,67.23,67.85,68.37,69.03,69.60,70.17,70.74,71.32,72.08,74.10,74.87,75.42,76.20,77.50,78.56,79.03,79.66,80.04,80.41,80.88,81.37,82.10,82.97,83.46,83.98,84.65,85.66,86.22,86.60,87.09,87.74,88.18,88.76,89.18,89.77,90.20,90.70,91.13,91.62,92.15,92.56,93.05,94.36,95.13,96.03,96.71,97.46,97.98,98.54,99.28,100.03,100.91,101.99,102.74,103.52,104.52,105.54,106.89,107.89,108.64,109.41,110.74,111.90,113.12,114.46,115.48,116.75,118.03,120.76,124.93,127.12,129.72,132.79,135.69,137.11,137.83,138.53,139.12,139.77,140.27,140.96,141.46,142.17,142.85,143.42,143.92,144.84,145.47,146.16,146.87,147.39,148.26,150.25,151.56,153.02,154.75,156.45,157.92,161.07,164.48,168.15,172.86,177.45,180.19,180.88,181.55,182.24,182.89,183.57,184.21,184.73,185.23,185.87,186.70,187.36,187.93,189.21,189.94,190.50,190.98,191.54,192.18,192.97,193.63,194.30,196.24,196.90,197.78,198.34,199.05,199.63,201.63,206.63,210.40,212.46,216.05,220.91,223.79],\r\n\t\t\t\t\tgraphEle    : [],\r\n\t\t\t\t\tgraphSpeed  : [],\r\n\t\t\t\t\tgraphHr     : [],\r\n\t\t\t\t\tgraphAtemp  : [],\r\n\t\t\t\t\tgraphCad    : [],\r\n\t\t\t\t\tgraphGrade  : [],\r\n\t\t\t\t\twaypoints   : [],\r\n\t\t\t\t\tunit        : \"2\",\r\n\t\t\t\t\tunitspeed   : \"1\",\r\n\t\t\t\t\tcolor1      : [\"#ff2600\"],\r\n\t\t\t\t\tcolor2      : \"#3366cc\",\r\n\t\t\t\t\tcolor3      : \"#ff0000\",\r\n\t\t\t\t\tcolor4      : \"#ff77bd\",\r\n\t\t\t\t\tcolor5      : \"#beecff\",\r\n\t\t\t\t\tcolor6      : \"#000000\",\r\n\t\t\t\t\tcolor7      : \"#ff77bd\",\r\n\t\t\t\t\tchartFrom1  : \"\",\r\n\t\t\t\t\tchartTo1    : \"\",\r\n\t\t\t\t\tchartFrom2  : \"\",\r\n\t\t\t\t\tchartTo2    : \"\",\r\n\t\t\t\t\tstartIcon   : \"\",\r\n\t\t\t\t\tendIcon     : \"\",\r\n\t\t\t\t\tcurrentIcon : \"\",\r\n\t\t\t\t\twaypointIcon : \"\",\r\n\t\t\t\t\tcurrentpositioncon : \"\",\r\n\t\t\t\t\tusegpsposition : \"\",\r\n\t\t\t\t\tzoomOnScrollWheel : \"true\", \r\n\t\t\t\t\tngGalleries : [],\r\n\t\t\t\t\tngImages : [],\r\n\t\t\t\t\tpluginUrl : \"https:\/\/my-blog.mysticlands.eu\/wp-content\/plugins\",\r\n\t\t\t\t\tTFApiKey : \"960c426d98f14ed390b6104f3240b257\",\r\n\t\t\t\t\tlangs : { altitude              : \"H\u00f6he\",\r\n\t\t\t\t\t\t\t  currentPosition       : \"Current Position\",\r\n\t\t\t\t\t\t\t  speed                 : \"Geschwindigkeit\", \r\n\t\t\t\t\t\t\t  grade                 : \"Steigung\", \r\n\t\t\t\t\t\t\t  heartRate             : \"Herzfrequenz\", \r\n\t\t\t\t\t\t\t  atemp             \t: \"Temperatur\", \r\n\t\t\t\t\t\t\t  cadence               : \"Trittfrequenz\",\r\n\t\t\t\t\t\t\t  goFullScreen          : \"Go Full Screen\",\r\n\t\t\t\t\t\t\t  exitFullFcreen        : \"Exit Full Screen\",\r\n\t\t\t\t\t\t\t  hideImages            : \"Hide Images\",\r\n\t\t\t\t\t\t\t  showImages            : \"Show Images\",\r\n\t\t\t\t\t\t\t  backToCenter\t\t    : \"Zur\u00fcck zur Mitte\"\r\n\t\t\t\t\t\t\t}\r\n\t\t\t\t});\t\t\t\t\r\n\t\t\t\t\r\n\t\t\t});\r\n\t\r\n\t\t<\/script><div id='wpgpxmaps_summary_12096_2802538' class='wpgpxmaps_summary'><span class='totlen'><span class='summarylabel'>Total distance:<\/span><span class='summaryvalue'> 226.23 km<\/span><\/span><br \/><\/div><a href='https:\/\/my-blog.mysticlands.eu\/wp-content\/uploads\/gpx\/2019-malaga- cordoba.gpx' target='_new' download>Herunterladen<\/a>\n<p><del>am freitag den 13. steig ich in den <\/del><del><s>flieger und v\u00f6gel<\/s><\/del> haaaalt umgekehrt<br \/>\nalso nochmal:<br \/>\nam freitag den 13. steig ich in den vogel und flieg nach malaga. um 10:30 heb ich in wien ab und um 14:00 lande ich sanft wie eine feder, werd so um 15:00 im hostal eintrudeln und hab so gut zeit, die burg, kathedrale und stadt ein wenig zu begaffen, touri-m\u00e4ssig.<\/p>\n<div id='gallery-1' class='gallery galleryid-12096 gallery-columns-3 gallery-size-thumbnail'><figure class='gallery-item'>\n\t\t\t<div class='gallery-icon landscape'>\n\t\t\t\t<a href='https:\/\/my-blog.mysticlands.eu\/?attachment_id=11688'><img loading=\"lazy\" decoding=\"async\" width=\"150\" height=\"150\" src=\"https:\/\/my-blog.mysticlands.eu\/wp-content\/uploads\/2019\/12\/2019c-moz-tag0-057562024956072672567-150x150.jpg\" class=\"attachment-thumbnail size-thumbnail\" alt=\"\" \/><\/a>\n\t\t\t<\/div><\/figure><figure class='gallery-item'>\n\t\t\t<div class='gallery-icon landscape'>\n\t\t\t\t<a href='https:\/\/my-blog.mysticlands.eu\/?attachment_id=11745'><img loading=\"lazy\" decoding=\"async\" width=\"150\" height=\"150\" src=\"https:\/\/my-blog.mysticlands.eu\/wp-content\/uploads\/2019\/12\/2019c-moz-tag1-058110806661074840993-150x150.jpg\" class=\"attachment-thumbnail size-thumbnail\" alt=\"\" \/><\/a>\n\t\t\t<\/div><\/figure><figure class='gallery-item'>\n\t\t\t<div class='gallery-icon portrait'>\n\t\t\t\t<a href='https:\/\/my-blog.mysticlands.eu\/?attachment_id=11750'><img loading=\"lazy\" decoding=\"async\" width=\"150\" height=\"150\" src=\"https:\/\/my-blog.mysticlands.eu\/wp-content\/uploads\/2019\/12\/2019c-moz-tag1-108497707328681220376-150x150.jpg\" class=\"attachment-thumbnail size-thumbnail\" alt=\"\" \/><\/a>\n\t\t\t<\/div><\/figure><figure class='gallery-item'>\n\t\t\t<div class='gallery-icon landscape'>\n\t\t\t\t<a href='https:\/\/my-blog.mysticlands.eu\/?attachment_id=11753'><img loading=\"lazy\" decoding=\"async\" width=\"150\" height=\"150\" src=\"https:\/\/my-blog.mysticlands.eu\/wp-content\/uploads\/2019\/12\/2019c-moz-tag1-131990516465304268280-150x150.jpg\" class=\"attachment-thumbnail size-thumbnail\" alt=\"\" \/><\/a>\n\t\t\t<\/div><\/figure><figure class='gallery-item'>\n\t\t\t<div class='gallery-icon landscape'>\n\t\t\t\t<a href='https:\/\/my-blog.mysticlands.eu\/?attachment_id=11705'><img loading=\"lazy\" decoding=\"async\" width=\"150\" height=\"150\" src=\"https:\/\/my-blog.mysticlands.eu\/wp-content\/uploads\/2019\/12\/2019c-moz-tag0-19175077850066628418-150x150.jpg\" class=\"attachment-thumbnail size-thumbnail\" alt=\"\" \/><\/a>\n\t\t\t<\/div><\/figure><figure class='gallery-item'>\n\t\t\t<div class='gallery-icon landscape'>\n\t\t\t\t<a href='https:\/\/my-blog.mysticlands.eu\/?attachment_id=11756'><img loading=\"lazy\" decoding=\"async\" width=\"150\" height=\"150\" src=\"https:\/\/my-blog.mysticlands.eu\/wp-content\/uploads\/2019\/12\/2019c-moz-tag1-164799087662778701876-150x150.jpg\" class=\"attachment-thumbnail size-thumbnail\" alt=\"\" \/><\/a>\n\t\t\t<\/div><\/figure><figure class='gallery-item'>\n\t\t\t<div class='gallery-icon portrait'>\n\t\t\t\t<a href='https:\/\/my-blog.mysticlands.eu\/?attachment_id=11742'><img loading=\"lazy\" decoding=\"async\" width=\"150\" height=\"150\" src=\"https:\/\/my-blog.mysticlands.eu\/wp-content\/uploads\/2019\/12\/2019c-moz-tag1-038281181691481699750-150x150.jpg\" class=\"attachment-thumbnail size-thumbnail\" alt=\"\" \/><\/a>\n\t\t\t<\/div><\/figure><figure class='gallery-item'>\n\t\t\t<div class='gallery-icon landscape'>\n\t\t\t\t<a href='https:\/\/my-blog.mysticlands.eu\/?attachment_id=11721'><img loading=\"lazy\" decoding=\"async\" width=\"150\" height=\"150\" src=\"https:\/\/my-blog.mysticlands.eu\/wp-content\/uploads\/2019\/12\/20191213_172042-1-150x150.jpg\" class=\"attachment-thumbnail size-thumbnail\" alt=\"\" \/><\/a>\n\t\t\t<\/div><\/figure>\n\t\t<\/div>\n\n<p>&nbsp;<\/p>\n<p>zum schlafen hab ich mir das <a class=\"link link--external\" href=\"https:\/\/www.booking.com\/hotel\/es\/alcazaba-premium-hostel-malaga.de.html?aid=304142;label=gen173nr-1FCAEoggI46AdIM1gEaA6IAQGYAQe4AQfIAQ3YAQHoAQH4AQuIAgGoAgO4Apqrv-8FwAIB;sid=fa642a12d70c87e5e61c5ff20a7f7b56;all_sr_blocks=126692107_88510336_0_2_0;checkin=2019-12-13;checkout=2019-12-14;dest_id=-390787;dest_type=city;dist=0;group_adults=1;group_children=0;hapos=18;highlighted_blocks=126692107_88510336_0_2_0;hpos=18;nflt=pri%3D1%3B;no_rooms=1;req_adults=1;req_children=0;room1=A;sb_price_type=total;sr_order=price;srepoch=1575998935;srpvid=e1e27aebccca0018;type=total;ucfs=1&amp;#hotelTmpl\" target=\"_blank\" rel=\"nofollow noopener noreferrer\">alcazaba premium hostel <\/a>\u00a0ausgedacht,<br \/>\nda hab ich es nicht weit zum bus und den must-dagewesen-seins.<br \/>\nam samstag wirds ernst und ich zum p\u00fclcher, schummel ich ein wenig, fahr per bus die ersten 10km aus der stadt raus. hab keine lust auf hatsch durch die urbanisation.<br \/>\ngeh den camino mozarabe von malaga nach cordoba, das sind so 230km und in 11 tagen sollt ich dort eintrudeln, ganz ohne hektik und sowas. von cordoba gehts per bahn zur\u00fcck nach malaga und wieder heim, denk dass ich bis zum big bang, sylvester genannt, wieder in wien bin.<br \/>\nmehr infos dr\u00fcber hier:<br \/>\n<a class=\"link link--external\" href=\"https:\/\/caminomozarabedemalaga.com\/destino\/de-malaga-a-cordoba\" target=\"_blank\" rel=\"nofollow noopener noreferrer\">assosiacion jacobea malaga<\/a><br \/>\n<a class=\"link link--external\" href=\"http:\/\/www.caminomozarabedesantiago.es\/\" target=\"_blank\" rel=\"nofollow noopener noreferrer\">interaktive karte etc<\/a><br \/>\n<a class=\"link link--external\" href=\"http:\/\/www.caminomozarabedesantiago.es\/documentos\/guia-eng.pdf\" target=\"_blank\" rel=\"nofollow noopener noreferrer\">f\u00fchrer in englisch<\/a><br \/>\n<a href=\"https:\/\/my-blog.mysticlands.eu\/?p=7475\">PIPA = der rucksack<\/a><br \/>\nwird am donnerstag ein wenig verbessert und gepackt. mitnehmen tu ich den krempel, den ich auf der via de la plata dabei hatte, das hat sich bew\u00e4hrt.<br \/>\ndas ist <a class=\"link link--external\" href=\"https:\/\/my-blog.mysticlands.eu\/?p=7611\" target=\"_blank\" rel=\"nofollow noopener noreferrer\">packliste<\/a> f\u00fcr die neugierigen nasenb\u00e4ren.<\/p>\n<p>update 12-12-2019<br \/>\nhab grad gepackt und bin begeistert! ne echte punktlandung nach der packliste.<br \/>\n4.200g sagt die waage im bad. da ist aber ein langes shirt mehr drin ( 220g) , dass ich eigentlich morgen anziehen wollt und jetzt nimmer raustun mag.<\/p>\n<p>[travelmap-list first=2019-12-10 last=2019-12-30]<\/p>\n<p>da geht&#8217;s zum ersten beitrag: <a href=\"https:\/\/my-blog.mysticlands.eu\/?p=11677\">camino mozarabe tag1<\/a><\/p>\n<p>wie immer freu ich mich \u00fcber kommentare, w\u00e4r fein, wenn du deinen dal\u00e4sst. ich freu mich auch \u00fcber konstruktives, \u00fcber anderes nat\u00fcrlich auch&#8230;.<\/p>\n<p>sagt &lt;3lich ralph<\/p>\n","protected":false},"excerpt":{"rendered":"<p>am freitag den 13. steig ich in den flieger und v\u00f6gel haaaalt umgekehrt also nochmal: am freitag den 13. steig ich in den vogel und flieg nach malaga. um 10:30 heb ich in wien ab und um 14:00 lande ich sanft wie eine feder, werd so um 15:00 im hostal eintrudeln und hab so gut zeit, die burg, kathedrale und stadt ein wenig zu begaffen, touri-m\u00e4ssig. &nbsp; zum schlafen hab ich mir das alcazaba premium hostel \u00a0ausgedacht, da hab ich es nicht weit zum bus&hellip;<\/p>\n","protected":false},"author":10,"featured_media":0,"parent":0,"menu_order":0,"comment_status":"closed","ping_status":"closed","template":"","meta":{"jetpack_post_was_ever_published":false,"footnotes":""},"class_list":["post-12096","page","type-page","status-publish","hentry"],"jetpack_sharing_enabled":true,"jetpack-related-posts":[],"_links":{"self":[{"href":"https:\/\/my-blog.mysticlands.eu\/index.php?rest_route=\/wp\/v2\/pages\/12096"}],"collection":[{"href":"https:\/\/my-blog.mysticlands.eu\/index.php?rest_route=\/wp\/v2\/pages"}],"about":[{"href":"https:\/\/my-blog.mysticlands.eu\/index.php?rest_route=\/wp\/v2\/types\/page"}],"author":[{"embeddable":true,"href":"https:\/\/my-blog.mysticlands.eu\/index.php?rest_route=\/wp\/v2\/users\/10"}],"replies":[{"embeddable":true,"href":"https:\/\/my-blog.mysticlands.eu\/index.php?rest_route=%2Fwp%2Fv2%2Fcomments&post=12096"}],"version-history":[{"count":0,"href":"https:\/\/my-blog.mysticlands.eu\/index.php?rest_route=\/wp\/v2\/pages\/12096\/revisions"}],"wp:attachment":[{"href":"https:\/\/my-blog.mysticlands.eu\/index.php?rest_route=%2Fwp%2Fv2%2Fmedia&parent=12096"}],"curies":[{"name":"wp","href":"https:\/\/api.w.org\/{rel}","templated":true}]}}